{"id":40,"date":"2016-07-18T09:05:33","date_gmt":"2016-07-18T09:05:33","guid":{"rendered":"http:\/\/sw-themes.com\/porto_dummy\/?page_id=40"},"modified":"2021-11-04T22:14:46","modified_gmt":"2021-11-04T22:14:46","slug":"pintura","status":"publish","type":"page","link":"https:\/\/pkal.es\/?page_id=40","title":{"rendered":"Pintura"},"content":{"rendered":"\t\t<div data-elementor-type=\"wp-page\" data-elementor-id=\"40\" class=\"elementor elementor-40\">\n\t\t\t\t\t\t\t\t\t<section class=\"elementor-section elementor-top-section elementor-element elementor-element-a989929 elementor-section-full_width elementor-section-height-default elementor-section-height-default\" data-id=\"a989929\" data-element_type=\"section\">\r\n\t\t\t\r\n\t\t\t\t\t\t\t\t\t<div class=\"elementor-container elementor-column-gap-no\">\r\n\t\t\t\t\t\t\t\t\t\t\t<div class=\"elementor-column elementor-col-100 elementor-top-column elementor-element elementor-element-c6553df column-d-block\" data-id=\"c6553df\" data-element_type=\"column\">\r\n\r\n\t\t\t\t\t<div class=\"elementor-widget-wrap elementor-element-populated\">\r\n\t\t\t\t\t\t\t\t<div class=\"elementor-element elementor-element-54a0607 mb-4 elementor-invisible elementor-widget elementor-widget-heading\" data-id=\"54a0607\" data-element_type=\"widget\" data-settings=\"{&quot;_animation&quot;:&quot;fadeInUp&quot;,&quot;_animation_delay&quot;:1000}\" data-widget_type=\"heading.default\">\n\t\t\t\t<div class=\"elementor-widget-container\">\n\t\t\t<style>\/*! elementor - v3.7.1 - 14-08-2022 *\/\n.elementor-heading-title{padding:0;margin:0;line-height:1}.elementor-widget-heading .elementor-heading-title[class*=elementor-size-]>a{color:inherit;font-size:inherit;line-height:inherit}.elementor-widget-heading .elementor-heading-title.elementor-size-small{font-size:15px}.elementor-widget-heading .elementor-heading-title.elementor-size-medium{font-size:19px}.elementor-widget-heading .elementor-heading-title.elementor-size-large{font-size:29px}.elementor-widget-heading .elementor-heading-title.elementor-size-xl{font-size:39px}.elementor-widget-heading .elementor-heading-title.elementor-size-xxl{font-size:59px}<\/style><h2 class=\"elementor-heading-title elementor-size-default\">Pintura<\/h2>\t\t<\/div>\n\t\t\t\t<\/div>\n\t\t\t\t<div class=\"elementor-element elementor-element-716bf1c mb-4 elementor-invisible elementor-widget elementor-widget-text-editor\" data-id=\"716bf1c\" data-element_type=\"widget\" data-settings=\"{&quot;_animation&quot;:&quot;fadeInUp&quot;,&quot;_animation_delay&quot;:1200}\" data-widget_type=\"text-editor.default\">\n\t\t\t\t<div class=\"elementor-widget-container\">\n\t\t\t<style>\/*! elementor - v3.7.1 - 14-08-2022 *\/\n.elementor-widget-text-editor.elementor-drop-cap-view-stacked .elementor-drop-cap{background-color:#818a91;color:#fff}.elementor-widget-text-editor.elementor-drop-cap-view-framed .elementor-drop-cap{color:#818a91;border:3px solid;background-color:transparent}.elementor-widget-text-editor:not(.elementor-drop-cap-view-default) .elementor-drop-cap{margin-top:8px}.elementor-widget-text-editor:not(.elementor-drop-cap-view-default) .elementor-drop-cap-letter{width:1em;height:1em}.elementor-widget-text-editor .elementor-drop-cap{float:left;text-align:center;line-height:1;font-size:50px}.elementor-widget-text-editor .elementor-drop-cap-letter{display:inline-block}<\/style>\t\t\t\t<p>Realizamos todo tipo de pintura tanto decorativas como industriales<\/p>\t\t\t\t\t\t<\/div>\n\t\t\t\t<\/div>\n\t\t\t\t\t<\/div>\r\n\t\t\t\t<\/div>\r\n\t\t\t\t\t\t<\/div>\r\n\t\t\t\t<\/section>\r\n\t\t\t\t\t\t\t<\/div>\n\t\t","protected":false},"excerpt":{"rendered":"<p>Pintura Realizamos todo tipo de pintura tanto decorativas como industriales<\/p>\n","protected":false},"author":1,"featured_media":0,"parent":36,"menu_order":0,"comment_status":"closed","ping_status":"closed","template":"","meta":{"footnotes":""},"class_list":["post-40","page","type-page","status-publish","hentry"],"yoast_head":"<!-- This site is optimized with the Yoast SEO plugin v19.5.1 - https:\/\/yoast.com\/wordpress\/plugins\/seo\/ -->\n<title>Pintura - PKAL<\/title>\n<meta name=\"robots\" content=\"index, follow, max-snippet:-1, max-image-preview:large, max-video-preview:-1\" \/>\n<link rel=\"canonical\" href=\"https:\/\/pkal.es\/?page_id=40\" \/>\n<meta property=\"og:locale\" content=\"es_ES\" \/>\n<meta property=\"og:type\" content=\"article\" \/>\n<meta property=\"og:title\" content=\"Pintura - PKAL\" \/>\n<meta property=\"og:description\" content=\"Pintura Realizamos todo tipo de pintura tanto decorativas como industriales\" \/>\n<meta property=\"og:url\" content=\"https:\/\/pkal.es\/?page_id=40\" \/>\n<meta property=\"og:site_name\" content=\"PKAL\" \/>\n<meta property=\"article:publisher\" content=\"https:\/\/www.facebook.com\/Grupo-PKAL-SL-579256956085991\/\" \/>\n<meta property=\"article:modified_time\" content=\"2021-11-04T22:14:46+00:00\" \/>\n<meta name=\"twitter:card\" content=\"summary_large_image\" \/>\n<script type=\"application\/ld+json\" class=\"yoast-schema-graph\">{\"@context\":\"https:\/\/schema.org\",\"@graph\":[{\"@type\":\"WebPage\",\"@id\":\"https:\/\/pkal.es\/?page_id=40\",\"url\":\"https:\/\/pkal.es\/?page_id=40\",\"name\":\"Pintura - PKAL\",\"isPartOf\":{\"@id\":\"https:\/\/pkal.es\/#website\"},\"datePublished\":\"2016-07-18T09:05:33+00:00\",\"dateModified\":\"2021-11-04T22:14:46+00:00\",\"breadcrumb\":{\"@id\":\"https:\/\/pkal.es\/?page_id=40#breadcrumb\"},\"inLanguage\":\"es\",\"potentialAction\":[{\"@type\":\"ReadAction\",\"target\":[\"https:\/\/pkal.es\/?page_id=40\"]}]},{\"@type\":\"BreadcrumbList\",\"@id\":\"https:\/\/pkal.es\/?page_id=40#breadcrumb\",\"itemListElement\":[{\"@type\":\"ListItem\",\"position\":1,\"name\":\"Portada\",\"item\":\"https:\/\/pkal.es\/\"},{\"@type\":\"ListItem\",\"position\":2,\"name\":\"Servicios\",\"item\":\"https:\/\/pkal.es\/?page_id=36\"},{\"@type\":\"ListItem\",\"position\":3,\"name\":\"Pintura\"}]},{\"@type\":\"WebSite\",\"@id\":\"https:\/\/pkal.es\/#website\",\"url\":\"https:\/\/pkal.es\/\",\"name\":\"PKAL\",\"description\":\"Somos una empresa dedicada a la gesti\u00f3n de aparcamientos. Dentro de la construcci\u00f3n, estamos especializados en pavimentos industriales y deportivos, rehabilitaci\u00f3n de fachadas e impermeabilizaciones.\",\"publisher\":{\"@id\":\"https:\/\/pkal.es\/#organization\"},\"potentialAction\":[{\"@type\":\"SearchAction\",\"target\":{\"@type\":\"EntryPoint\",\"urlTemplate\":\"https:\/\/pkal.es\/?s={search_term_string}\"},\"query-input\":\"required name=search_term_string\"}],\"inLanguage\":\"es\"},{\"@type\":\"Organization\",\"@id\":\"https:\/\/pkal.es\/#organization\",\"name\":\"PKAL\",\"url\":\"https:\/\/pkal.es\/\",\"sameAs\":[\"https:\/\/www.instagram.com\/pkal.s.l\",\"https:\/\/www.facebook.com\/Grupo-PKAL-SL-579256956085991\/\"],\"logo\":{\"@type\":\"ImageObject\",\"inLanguage\":\"es\",\"@id\":\"https:\/\/pkal.es\/#\/schema\/logo\/image\/\",\"url\":\"https:\/\/pkal.es\/wp-content\/uploads\/2022\/02\/PKAL_fav_0.png\",\"contentUrl\":\"https:\/\/pkal.es\/wp-content\/uploads\/2022\/02\/PKAL_fav_0.png\",\"width\":490,\"height\":190,\"caption\":\"PKAL\"},\"image\":{\"@id\":\"https:\/\/pkal.es\/#\/schema\/logo\/image\/\"}}]}<\/script>\n<!-- \/ Yoast SEO plugin. -->","yoast_head_json":{"title":"Pintura - PKAL","robots":{"index":"index","follow":"follow","max-snippet":"max-snippet:-1","max-image-preview":"max-image-preview:large","max-video-preview":"max-video-preview:-1"},"canonical":"https:\/\/pkal.es\/?page_id=40","og_locale":"es_ES","og_type":"article","og_title":"Pintura - PKAL","og_description":"Pintura Realizamos todo tipo de pintura tanto decorativas como industriales","og_url":"https:\/\/pkal.es\/?page_id=40","og_site_name":"PKAL","article_publisher":"https:\/\/www.facebook.com\/Grupo-PKAL-SL-579256956085991\/","article_modified_time":"2021-11-04T22:14:46+00:00","twitter_card":"summary_large_image","schema":{"@context":"https:\/\/schema.org","@graph":[{"@type":"WebPage","@id":"https:\/\/pkal.es\/?page_id=40","url":"https:\/\/pkal.es\/?page_id=40","name":"Pintura - PKAL","isPartOf":{"@id":"https:\/\/pkal.es\/#website"},"datePublished":"2016-07-18T09:05:33+00:00","dateModified":"2021-11-04T22:14:46+00:00","breadcrumb":{"@id":"https:\/\/pkal.es\/?page_id=40#breadcrumb"},"inLanguage":"es","potentialAction":[{"@type":"ReadAction","target":["https:\/\/pkal.es\/?page_id=40"]}]},{"@type":"BreadcrumbList","@id":"https:\/\/pkal.es\/?page_id=40#breadcrumb","itemListElement":[{"@type":"ListItem","position":1,"name":"Portada","item":"https:\/\/pkal.es\/"},{"@type":"ListItem","position":2,"name":"Servicios","item":"https:\/\/pkal.es\/?page_id=36"},{"@type":"ListItem","position":3,"name":"Pintura"}]},{"@type":"WebSite","@id":"https:\/\/pkal.es\/#website","url":"https:\/\/pkal.es\/","name":"PKAL","description":"Somos una empresa dedicada a la gesti\u00f3n de aparcamientos. Dentro de la construcci\u00f3n, estamos especializados en pavimentos industriales y deportivos, rehabilitaci\u00f3n de fachadas e impermeabilizaciones.","publisher":{"@id":"https:\/\/pkal.es\/#organization"},"potentialAction":[{"@type":"SearchAction","target":{"@type":"EntryPoint","urlTemplate":"https:\/\/pkal.es\/?s={search_term_string}"},"query-input":"required name=search_term_string"}],"inLanguage":"es"},{"@type":"Organization","@id":"https:\/\/pkal.es\/#organization","name":"PKAL","url":"https:\/\/pkal.es\/","sameAs":["https:\/\/www.instagram.com\/pkal.s.l","https:\/\/www.facebook.com\/Grupo-PKAL-SL-579256956085991\/"],"logo":{"@type":"ImageObject","inLanguage":"es","@id":"https:\/\/pkal.es\/#\/schema\/logo\/image\/","url":"https:\/\/pkal.es\/wp-content\/uploads\/2022\/02\/PKAL_fav_0.png","contentUrl":"https:\/\/pkal.es\/wp-content\/uploads\/2022\/02\/PKAL_fav_0.png","width":490,"height":190,"caption":"PKAL"},"image":{"@id":"https:\/\/pkal.es\/#\/schema\/logo\/image\/"}}]}},"_links":{"self":[{"href":"https:\/\/pkal.es\/index.php?rest_route=\/wp\/v2\/pages\/40","targetHints":{"allow":["GET"]}}],"collection":[{"href":"https:\/\/pkal.es\/index.php?rest_route=\/wp\/v2\/pages"}],"about":[{"href":"https:\/\/pkal.es\/index.php?rest_route=\/wp\/v2\/types\/page"}],"author":[{"embeddable":true,"href":"https:\/\/pkal.es\/index.php?rest_route=\/wp\/v2\/users\/1"}],"replies":[{"embeddable":true,"href":"https:\/\/pkal.es\/index.php?rest_route=%2Fwp%2Fv2%2Fcomments&post=40"}],"version-history":[{"count":4,"href":"https:\/\/pkal.es\/index.php?rest_route=\/wp\/v2\/pages\/40\/revisions"}],"predecessor-version":[{"id":1785,"href":"https:\/\/pkal.es\/index.php?rest_route=\/wp\/v2\/pages\/40\/revisions\/1785"}],"up":[{"embeddable":true,"href":"https:\/\/pkal.es\/index.php?rest_route=\/wp\/v2\/pages\/36"}],"wp:attachment":[{"href":"https:\/\/pkal.es\/index.php?rest_route=%2Fwp%2Fv2%2Fmedia&parent=40"}],"curies":[{"name":"wp","href":"https:\/\/api.w.org\/{rel}","templated":true}]}}