{"id":36,"date":"2016-07-18T09:02:31","date_gmt":"2016-07-18T09:02:31","guid":{"rendered":"http:\/\/sw-themes.com\/porto_dummy\/?page_id=36"},"modified":"2022-08-30T10:09:01","modified_gmt":"2022-08-30T10:09:01","slug":"servicios","status":"publish","type":"page","link":"https:\/\/pkal.es\/?page_id=36","title":{"rendered":"Servicios"},"content":{"rendered":"\t\t<div data-elementor-type=\"wp-page\" data-elementor-id=\"36\" class=\"elementor elementor-36\">\n\t\t\t\t\t\t\t\t\t<section class=\"elementor-section elementor-top-section elementor-element elementor-element-647d746 ml-lg-5 m-t-n-sm elementor-section-boxed elementor-section-height-default elementor-section-height-default\" data-id=\"647d746\" data-element_type=\"section\">\r\n\t\t\t\r\n\t\t\t\t\t\t\t\t\t<div class=\"elementor-container elementor-column-gap-default\">\r\n\t\t\t\t\t\t\t\t\t\t\t<div class=\"elementor-column elementor-col-100 elementor-top-column elementor-element elementor-element-7c0504a mt-2\" data-id=\"7c0504a\" data-element_type=\"column\">\r\n\r\n\t\t\t\t\t<div class=\"elementor-widget-wrap elementor-element-populated\">\r\n\t\t\t\t\t\t\t\t<div class=\"elementor-element elementor-element-258c907 mb-5 elementor-invisible elementor-widget elementor-widget-porto_info_box\" data-id=\"258c907\" data-element_type=\"widget\" data-settings=\"{&quot;_animation&quot;:&quot;fadeInUp&quot;,&quot;_animation_delay&quot;:1000}\" data-widget_type=\"porto_info_box.default\">\n\t\t\t\t<div class=\"elementor-widget-container\">\n\t\t\t<div class=\"porto-sicon-box style_1 left-icon\"><div class=\"porto-sicon-left\"><div class=\"porto-just-icon-wrapper porto-icon none\" style=\"\"><i class=\"fas fa-angle-right\"><\/i><\/div><\/div><div class=\"porto-sicon-body\"><div class=\"porto-sicon-header\"><h4 class=\"porto-sicon-title\" style=\"\">Pavimentos<\/h4><\/div> <!-- header --><div class=\"porto-sicon-description\" style=\"\" ><p>Realizamos pavimentos deportivos e industriales.\u00a0<\/p><a class=\"porto-sicon-read xx\" href=\"https:\/\/pkal.es\/?page_id=41\">Ver m\u00e1s<span>&nbsp;&raquo;<\/span><\/a><\/div> <!-- description --><\/div><\/div><!-- porto-sicon-box -->\t\t<\/div>\n\t\t\t\t<\/div>\n\t\t\t\t<div class=\"elementor-element elementor-element-74a5200 mb-5 elementor-invisible elementor-widget elementor-widget-porto_info_box\" data-id=\"74a5200\" data-element_type=\"widget\" data-settings=\"{&quot;_animation&quot;:&quot;fadeInUp&quot;,&quot;_animation_delay&quot;:1200}\" data-widget_type=\"porto_info_box.default\">\n\t\t\t\t<div class=\"elementor-widget-container\">\n\t\t\t<div class=\"porto-sicon-box style_1 left-icon\"><div class=\"porto-sicon-left\"><div class=\"porto-just-icon-wrapper porto-icon none\" style=\"\"><i class=\"fas fa-angle-right\"><\/i><\/div><\/div><div class=\"porto-sicon-body\"><div class=\"porto-sicon-header\"><h4 class=\"porto-sicon-title\" style=\"\">Pintura<\/h4><\/div> <!-- header --><div class=\"porto-sicon-description\" style=\"\" ><p>Realizamos todo tipo de pintura tanto decorativas como industriales<\/p><a class=\"porto-sicon-read xx\" href=\"https:\/\/pkal.es\/?page_id=40\">Ver m\u00e1s<span>&nbsp;&raquo;<\/span><\/a><\/div> <!-- description --><\/div><\/div><!-- porto-sicon-box -->\t\t<\/div>\n\t\t\t\t<\/div>\n\t\t\t\t<div class=\"elementor-element elementor-element-5f8b348 elementor-invisible elementor-widget elementor-widget-porto_info_box\" data-id=\"5f8b348\" data-element_type=\"widget\" data-settings=\"{&quot;_animation&quot;:&quot;fadeInUp&quot;,&quot;_animation_delay&quot;:1600}\" data-widget_type=\"porto_info_box.default\">\n\t\t\t\t<div class=\"elementor-widget-container\">\n\t\t\t<div class=\"porto-sicon-box style_1 left-icon\"><div class=\"porto-sicon-left\"><div class=\"porto-just-icon-wrapper porto-icon none\" style=\"\"><i class=\"fas fa-angle-right\"><\/i><\/div><\/div><div class=\"porto-sicon-body\"><div class=\"porto-sicon-header\"><h4 class=\"porto-sicon-title\" style=\"\">Impermeabilizaci\u00f3n<\/h4><\/div> <!-- header --><div class=\"porto-sicon-description\" style=\"\" ><p>Para la impermeabilizaci\u00f3n de superficies utilizamos pr\u00e1cticamente todos los materiales que existen actualmente.\u00a0<\/p><p>L\u00e1minas asf\u00e1lticas, poliuretanos, l\u00e1minas epdm, morteros, clorocauchos, etc..<\/p><a class=\"porto-sicon-read xx\" href=\"https:\/\/pkal.es\/?page_id=39\">Ver m\u00e1s<span>&nbsp;&raquo;<\/span><\/a><\/div> <!-- description --><\/div><\/div><!-- porto-sicon-box -->\t\t<\/div>\n\t\t\t\t<\/div>\n\t\t\t\t<div class=\"elementor-element elementor-element-5fe6268 elementor-invisible elementor-widget elementor-widget-porto_info_box\" data-id=\"5fe6268\" data-element_type=\"widget\" data-settings=\"{&quot;_animation&quot;:&quot;fadeInUp&quot;,&quot;_animation_delay&quot;:1600}\" data-widget_type=\"porto_info_box.default\">\n\t\t\t\t<div class=\"elementor-widget-container\">\n\t\t\t<div class=\"porto-sicon-box style_1 left-icon\"><div class=\"porto-sicon-left\"><div class=\"porto-just-icon-wrapper porto-icon none\" style=\"\"><i class=\"fas fa-angle-right\"><\/i><\/div><\/div><div class=\"porto-sicon-body\"><div class=\"porto-sicon-header\"><h4 class=\"porto-sicon-title\" style=\"\">Fachadas<\/h4><\/div> <!-- header --><div class=\"porto-sicon-description\" style=\"\" ><p>Rehabilitaci\u00f3n de fachadas para posteriormente terminar aplicando revestimiento impermeabilizante de 10 a 15 a\u00f1os de garant\u00edas (Actualmente acompa\u00f1amos nuestra garant\u00eda en materiales y mano de obra con un certificado de Pinturas Mont\u00f3)<\/p><a class=\"porto-sicon-read xx\" href=\"https:\/\/pkal.es\/?page_id=38\">Ver m\u00e1s<span>&nbsp;&raquo;<\/span><\/a><\/div> <!-- description --><\/div><\/div><!-- porto-sicon-box -->\t\t<\/div>\n\t\t\t\t<\/div>\n\t\t\t\t<div class=\"elementor-element elementor-element-ce4aa1a elementor-invisible elementor-widget elementor-widget-porto_info_box\" data-id=\"ce4aa1a\" data-element_type=\"widget\" data-settings=\"{&quot;_animation&quot;:&quot;fadeInUp&quot;,&quot;_animation_delay&quot;:1600}\" data-widget_type=\"porto_info_box.default\">\n\t\t\t\t<div class=\"elementor-widget-container\">\n\t\t\t<div class=\"porto-sicon-box style_1 left-icon\"><div class=\"porto-sicon-left\"><div class=\"porto-just-icon-wrapper porto-icon none\" style=\"\"><i class=\"fas fa-angle-right\"><\/i><\/div><\/div><div class=\"porto-sicon-body\"><div class=\"porto-sicon-header\"><h4 class=\"porto-sicon-title\" style=\"\">Gesti\u00f3n de Aparcamientos<\/h4><\/div> <!-- header --><div class=\"porto-sicon-description\" style=\"\" ><p>Actualmente gestionamos 3 aparcamientos en Altea y Benidorm<\/p><a class=\"porto-sicon-read xx\" href=\"https:\/\/pkal.es\/?page_id=1795\">Ver m\u00e1s<span>&nbsp;&raquo;<\/span><\/a><\/div> <!-- description --><\/div><\/div><!-- porto-sicon-box -->\t\t<\/div>\n\t\t\t\t<\/div>\n\t\t\t\t\t<\/div>\r\n\t\t\t\t<\/div>\r\n\t\t\t\t\t\t<\/div>\r\n\t\t\t\t<\/section>\r\n\t\t\t\t\t\t\t<\/div>\n\t\t","protected":false},"excerpt":{"rendered":"<p>Pavimentos Realizamos pavimentos deportivos e industriales.\u00a0 Ver m\u00e1s&nbsp;&raquo; Pintura Realizamos todo tipo de pintura tanto decorativas como industriales Ver m\u00e1s&nbsp;&raquo; Impermeabilizaci\u00f3n Para la impermeabilizaci\u00f3n de superficies utilizamos pr\u00e1cticamente todos los materiales que existen actualmente.\u00a0 L\u00e1minas asf\u00e1lticas, poliuretanos, l\u00e1minas epdm, morteros, clorocauchos, etc.. Ver m\u00e1s&nbsp;&raquo; Fachadas Rehabilitaci\u00f3n de fachadas para posteriormente terminar aplicando revestimiento impermeabilizante de [&hellip;]<\/p>\n","protected":false},"author":1,"featured_media":0,"parent":0,"menu_order":0,"comment_status":"closed","ping_status":"closed","template":"","meta":{"footnotes":""},"class_list":["post-36","page","type-page","status-publish","hentry"],"yoast_head":"<!-- This site is optimized with the Yoast SEO plugin v19.5.1 - https:\/\/yoast.com\/wordpress\/plugins\/seo\/ -->\n<title>Servicios - PKAL<\/title>\n<meta name=\"robots\" content=\"index, follow, max-snippet:-1, max-image-preview:large, max-video-preview:-1\" \/>\n<link rel=\"canonical\" href=\"https:\/\/pkal.es\/?page_id=36\" \/>\n<meta property=\"og:locale\" content=\"es_ES\" \/>\n<meta property=\"og:type\" content=\"article\" \/>\n<meta property=\"og:title\" content=\"Servicios - PKAL\" \/>\n<meta property=\"og:description\" content=\"Pavimentos Realizamos pavimentos deportivos e industriales.\u00a0 Ver m\u00e1s&nbsp;&raquo; Pintura Realizamos todo tipo de pintura tanto decorativas como industriales Ver m\u00e1s&nbsp;&raquo; Impermeabilizaci\u00f3n Para la impermeabilizaci\u00f3n de superficies utilizamos pr\u00e1cticamente todos los materiales que existen actualmente.\u00a0 L\u00e1minas asf\u00e1lticas, poliuretanos, l\u00e1minas epdm, morteros, clorocauchos, etc.. Ver m\u00e1s&nbsp;&raquo; Fachadas Rehabilitaci\u00f3n de fachadas para posteriormente terminar aplicando revestimiento impermeabilizante de [&hellip;]\" \/>\n<meta property=\"og:url\" content=\"https:\/\/pkal.es\/?page_id=36\" \/>\n<meta property=\"og:site_name\" content=\"PKAL\" \/>\n<meta property=\"article:publisher\" content=\"https:\/\/www.facebook.com\/Grupo-PKAL-SL-579256956085991\/\" \/>\n<meta property=\"article:modified_time\" content=\"2022-08-30T10:09:01+00:00\" \/>\n<meta name=\"twitter:card\" content=\"summary_large_image\" \/>\n<meta name=\"twitter:label1\" content=\"Tiempo de lectura\" \/>\n\t<meta name=\"twitter:data1\" content=\"1 minuto\" \/>\n<script type=\"application\/ld+json\" class=\"yoast-schema-graph\">{\"@context\":\"https:\/\/schema.org\",\"@graph\":[{\"@type\":\"WebPage\",\"@id\":\"https:\/\/pkal.es\/?page_id=36\",\"url\":\"https:\/\/pkal.es\/?page_id=36\",\"name\":\"Servicios - PKAL\",\"isPartOf\":{\"@id\":\"https:\/\/pkal.es\/#website\"},\"datePublished\":\"2016-07-18T09:02:31+00:00\",\"dateModified\":\"2022-08-30T10:09:01+00:00\",\"breadcrumb\":{\"@id\":\"https:\/\/pkal.es\/?page_id=36#breadcrumb\"},\"inLanguage\":\"es\",\"potentialAction\":[{\"@type\":\"ReadAction\",\"target\":[\"https:\/\/pkal.es\/?page_id=36\"]}]},{\"@type\":\"BreadcrumbList\",\"@id\":\"https:\/\/pkal.es\/?page_id=36#breadcrumb\",\"itemListElement\":[{\"@type\":\"ListItem\",\"position\":1,\"name\":\"Portada\",\"item\":\"https:\/\/pkal.es\/\"},{\"@type\":\"ListItem\",\"position\":2,\"name\":\"Servicios\"}]},{\"@type\":\"WebSite\",\"@id\":\"https:\/\/pkal.es\/#website\",\"url\":\"https:\/\/pkal.es\/\",\"name\":\"PKAL\",\"description\":\"Somos una empresa dedicada a la gesti\u00f3n de aparcamientos. Dentro de la construcci\u00f3n, estamos especializados en pavimentos industriales y deportivos, rehabilitaci\u00f3n de fachadas e impermeabilizaciones.\",\"publisher\":{\"@id\":\"https:\/\/pkal.es\/#organization\"},\"potentialAction\":[{\"@type\":\"SearchAction\",\"target\":{\"@type\":\"EntryPoint\",\"urlTemplate\":\"https:\/\/pkal.es\/?s={search_term_string}\"},\"query-input\":\"required name=search_term_string\"}],\"inLanguage\":\"es\"},{\"@type\":\"Organization\",\"@id\":\"https:\/\/pkal.es\/#organization\",\"name\":\"PKAL\",\"url\":\"https:\/\/pkal.es\/\",\"sameAs\":[\"https:\/\/www.instagram.com\/pkal.s.l\",\"https:\/\/www.facebook.com\/Grupo-PKAL-SL-579256956085991\/\"],\"logo\":{\"@type\":\"ImageObject\",\"inLanguage\":\"es\",\"@id\":\"https:\/\/pkal.es\/#\/schema\/logo\/image\/\",\"url\":\"https:\/\/pkal.es\/wp-content\/uploads\/2022\/02\/PKAL_fav_0.png\",\"contentUrl\":\"https:\/\/pkal.es\/wp-content\/uploads\/2022\/02\/PKAL_fav_0.png\",\"width\":490,\"height\":190,\"caption\":\"PKAL\"},\"image\":{\"@id\":\"https:\/\/pkal.es\/#\/schema\/logo\/image\/\"}}]}<\/script>\n<!-- \/ Yoast SEO plugin. -->","yoast_head_json":{"title":"Servicios - PKAL","robots":{"index":"index","follow":"follow","max-snippet":"max-snippet:-1","max-image-preview":"max-image-preview:large","max-video-preview":"max-video-preview:-1"},"canonical":"https:\/\/pkal.es\/?page_id=36","og_locale":"es_ES","og_type":"article","og_title":"Servicios - PKAL","og_description":"Pavimentos Realizamos pavimentos deportivos e industriales.\u00a0 Ver m\u00e1s&nbsp;&raquo; Pintura Realizamos todo tipo de pintura tanto decorativas como industriales Ver m\u00e1s&nbsp;&raquo; Impermeabilizaci\u00f3n Para la impermeabilizaci\u00f3n de superficies utilizamos pr\u00e1cticamente todos los materiales que existen actualmente.\u00a0 L\u00e1minas asf\u00e1lticas, poliuretanos, l\u00e1minas epdm, morteros, clorocauchos, etc.. Ver m\u00e1s&nbsp;&raquo; Fachadas Rehabilitaci\u00f3n de fachadas para posteriormente terminar aplicando revestimiento impermeabilizante de [&hellip;]","og_url":"https:\/\/pkal.es\/?page_id=36","og_site_name":"PKAL","article_publisher":"https:\/\/www.facebook.com\/Grupo-PKAL-SL-579256956085991\/","article_modified_time":"2022-08-30T10:09:01+00:00","twitter_card":"summary_large_image","twitter_misc":{"Tiempo de lectura":"1 minuto"},"schema":{"@context":"https:\/\/schema.org","@graph":[{"@type":"WebPage","@id":"https:\/\/pkal.es\/?page_id=36","url":"https:\/\/pkal.es\/?page_id=36","name":"Servicios - PKAL","isPartOf":{"@id":"https:\/\/pkal.es\/#website"},"datePublished":"2016-07-18T09:02:31+00:00","dateModified":"2022-08-30T10:09:01+00:00","breadcrumb":{"@id":"https:\/\/pkal.es\/?page_id=36#breadcrumb"},"inLanguage":"es","potentialAction":[{"@type":"ReadAction","target":["https:\/\/pkal.es\/?page_id=36"]}]},{"@type":"BreadcrumbList","@id":"https:\/\/pkal.es\/?page_id=36#breadcrumb","itemListElement":[{"@type":"ListItem","position":1,"name":"Portada","item":"https:\/\/pkal.es\/"},{"@type":"ListItem","position":2,"name":"Servicios"}]},{"@type":"WebSite","@id":"https:\/\/pkal.es\/#website","url":"https:\/\/pkal.es\/","name":"PKAL","description":"Somos una empresa dedicada a la gesti\u00f3n de aparcamientos. Dentro de la construcci\u00f3n, estamos especializados en pavimentos industriales y deportivos, rehabilitaci\u00f3n de fachadas e impermeabilizaciones.","publisher":{"@id":"https:\/\/pkal.es\/#organization"},"potentialAction":[{"@type":"SearchAction","target":{"@type":"EntryPoint","urlTemplate":"https:\/\/pkal.es\/?s={search_term_string}"},"query-input":"required name=search_term_string"}],"inLanguage":"es"},{"@type":"Organization","@id":"https:\/\/pkal.es\/#organization","name":"PKAL","url":"https:\/\/pkal.es\/","sameAs":["https:\/\/www.instagram.com\/pkal.s.l","https:\/\/www.facebook.com\/Grupo-PKAL-SL-579256956085991\/"],"logo":{"@type":"ImageObject","inLanguage":"es","@id":"https:\/\/pkal.es\/#\/schema\/logo\/image\/","url":"https:\/\/pkal.es\/wp-content\/uploads\/2022\/02\/PKAL_fav_0.png","contentUrl":"https:\/\/pkal.es\/wp-content\/uploads\/2022\/02\/PKAL_fav_0.png","width":490,"height":190,"caption":"PKAL"},"image":{"@id":"https:\/\/pkal.es\/#\/schema\/logo\/image\/"}}]}},"_links":{"self":[{"href":"https:\/\/pkal.es\/index.php?rest_route=\/wp\/v2\/pages\/36","targetHints":{"allow":["GET"]}}],"collection":[{"href":"https:\/\/pkal.es\/index.php?rest_route=\/wp\/v2\/pages"}],"about":[{"href":"https:\/\/pkal.es\/index.php?rest_route=\/wp\/v2\/types\/page"}],"author":[{"embeddable":true,"href":"https:\/\/pkal.es\/index.php?rest_route=\/wp\/v2\/users\/1"}],"replies":[{"embeddable":true,"href":"https:\/\/pkal.es\/index.php?rest_route=%2Fwp%2Fv2%2Fcomments&post=36"}],"version-history":[{"count":14,"href":"https:\/\/pkal.es\/index.php?rest_route=\/wp\/v2\/pages\/36\/revisions"}],"predecessor-version":[{"id":2092,"href":"https:\/\/pkal.es\/index.php?rest_route=\/wp\/v2\/pages\/36\/revisions\/2092"}],"wp:attachment":[{"href":"https:\/\/pkal.es\/index.php?rest_route=%2Fwp%2Fv2%2Fmedia&parent=36"}],"curies":[{"name":"wp","href":"https:\/\/api.w.org\/{rel}","templated":true}]}}