{"id":1795,"date":"2021-11-04T22:21:51","date_gmt":"2021-11-04T22:21:51","guid":{"rendered":"https:\/\/new.pkal.es\/?page_id=1795"},"modified":"2025-03-19T22:15:22","modified_gmt":"2025-03-19T22:15:22","slug":"gestion-de-aparcamientos","status":"publish","type":"page","link":"https:\/\/pkal.es\/?page_id=1795","title":{"rendered":"Gesti\u00f3n de aparcamientos"},"content":{"rendered":"\t\t<div data-elementor-type=\"wp-page\" data-elementor-id=\"1795\" class=\"elementor elementor-1795\">\n\t\t\t\t\t\t\t\t\t<section class=\"elementor-section elementor-top-section elementor-element elementor-element-a6ee711 elementor-section-full_width elementor-section-height-default elementor-section-height-default\" data-id=\"a6ee711\" data-element_type=\"section\">\r\n\t\t\t\r\n\t\t\t\t\t\t\t\t\t<div class=\"elementor-container elementor-column-gap-no\">\r\n\t\t\t\t\t\t\t\t\t\t\t<div class=\"elementor-column elementor-col-100 elementor-top-column elementor-element elementor-element-96eba38 column-d-block\" data-id=\"96eba38\" data-element_type=\"column\">\r\n\r\n\t\t\t\t\t<div class=\"elementor-widget-wrap elementor-element-populated\">\r\n\t\t\t\t\t\t\t\t<div class=\"elementor-element elementor-element-21ccec2 mb-4 elementor-invisible elementor-widget elementor-widget-heading\" data-id=\"21ccec2\" data-element_type=\"widget\" data-settings=\"{&quot;_animation&quot;:&quot;fadeInUp&quot;,&quot;_animation_delay&quot;:1000}\" data-widget_type=\"heading.default\">\n\t\t\t\t<div class=\"elementor-widget-container\">\n\t\t\t<style>\/*! elementor - v3.7.1 - 14-08-2022 *\/\n.elementor-heading-title{padding:0;margin:0;line-height:1}.elementor-widget-heading .elementor-heading-title[class*=elementor-size-]>a{color:inherit;font-size:inherit;line-height:inherit}.elementor-widget-heading .elementor-heading-title.elementor-size-small{font-size:15px}.elementor-widget-heading .elementor-heading-title.elementor-size-medium{font-size:19px}.elementor-widget-heading .elementor-heading-title.elementor-size-large{font-size:29px}.elementor-widget-heading .elementor-heading-title.elementor-size-xl{font-size:39px}.elementor-widget-heading .elementor-heading-title.elementor-size-xxl{font-size:59px}<\/style><h2 class=\"elementor-heading-title elementor-size-default\">Gesti\u00f3n de Aparcamientos<\/h2>\t\t<\/div>\n\t\t\t\t<\/div>\n\t\t\t\t<div class=\"elementor-element elementor-element-30a04cb elementor-widget elementor-widget-porto_ultimate_heading\" data-id=\"30a04cb\" data-element_type=\"widget\" data-widget_type=\"porto_ultimate_heading.default\">\n\t\t\t\t<div class=\"elementor-widget-container\">\n\t\t\t<div class=\"porto-u-heading\" data-hspacer=\"no_spacer\" data-halign=\"left\" style=\"text-align:left\"><div class=\"porto-u-main-heading\"><h3   >ALTEA<\/h3><\/div><div class=\"porto-u-sub-heading\" style=\"\"><p>Plaza del Ayuntamiento (966881425)<\/p><\/div><\/div>\t\t<\/div>\n\t\t\t\t<\/div>\n\t\t\t\t<div class=\"elementor-element elementor-element-edcb2ab mb-4 elementor-invisible elementor-widget elementor-widget-text-editor\" data-id=\"edcb2ab\" data-element_type=\"widget\" data-settings=\"{&quot;_animation&quot;:&quot;fadeInUp&quot;,&quot;_animation_delay&quot;:1200}\" data-widget_type=\"text-editor.default\">\n\t\t\t\t<div class=\"elementor-widget-container\">\n\t\t\t<style>\/*! elementor - v3.7.1 - 14-08-2022 *\/\n.elementor-widget-text-editor.elementor-drop-cap-view-stacked .elementor-drop-cap{background-color:#818a91;color:#fff}.elementor-widget-text-editor.elementor-drop-cap-view-framed .elementor-drop-cap{color:#818a91;border:3px solid;background-color:transparent}.elementor-widget-text-editor:not(.elementor-drop-cap-view-default) .elementor-drop-cap{margin-top:8px}.elementor-widget-text-editor:not(.elementor-drop-cap-view-default) .elementor-drop-cap-letter{width:1em;height:1em}.elementor-widget-text-editor .elementor-drop-cap{float:left;text-align:center;line-height:1;font-size:50px}.elementor-widget-text-editor .elementor-drop-cap-letter{display:inline-block}<\/style>\t\t\t\t<p>Aparcamiento subterr\u00e1neo en la Plaza del Ayuntamiento abierto 24 horas.<\/p><p>Presencia f\u00edsica de lunes a s\u00e1bado de 9:00h a 23:00h, domingo de 11:00h a 20:00h.<\/p><p>El precio por d\u00eda es de 16.-\u20ac Es recomendable, si piensa estar varios d\u00edas preguntar por el precio del abono, (El abono de varios d\u00edas resulta m\u00e1s econ\u00f3mico)<\/p>\t\t\t\t\t\t<\/div>\n\t\t\t\t<\/div>\n\t\t\t\t<div class=\"elementor-element elementor-element-43b39e8 elementor-arrows-position-inside elementor-pagination-position-outside elementor-widget elementor-widget-image-carousel\" data-id=\"43b39e8\" data-element_type=\"widget\" data-settings=\"{&quot;navigation&quot;:&quot;both&quot;,&quot;autoplay&quot;:&quot;yes&quot;,&quot;pause_on_hover&quot;:&quot;yes&quot;,&quot;pause_on_interaction&quot;:&quot;yes&quot;,&quot;autoplay_speed&quot;:5000,&quot;infinite&quot;:&quot;yes&quot;,&quot;speed&quot;:500}\" data-widget_type=\"image-carousel.default\">\n\t\t\t\t<div class=\"elementor-widget-container\">\n\t\t\t<style>\/*! elementor - v3.7.1 - 14-08-2022 *\/\n.elementor-widget-image-carousel .swiper-container{position:static}.elementor-widget-image-carousel .swiper-container .swiper-slide figure{line-height:inherit}.elementor-widget-image-carousel .swiper-slide{text-align:center}.elementor-image-carousel-wrapper:not(.swiper-container-initialized) .swiper-slide{max-width:calc(100% \/ var(--e-image-carousel-slides-to-show, 3))}<\/style>\t\t<div class=\"elementor-image-carousel-wrapper swiper-container\" dir=\"ltr\">\n\t\t\t<div class=\"elementor-image-carousel swiper-wrapper\">\n\t\t\t\t\t\t\t\t<div class=\"swiper-slide\"><figure class=\"swiper-slide-inner\"><img decoding=\"async\" class=\"swiper-slide-image\" src=\"https:\/\/pkal.es\/wp-content\/uploads\/2021\/11\/parking_ayu1-300x225.jpeg\" alt=\"parking_ayu1\" \/><\/figure><\/div><div class=\"swiper-slide\"><figure class=\"swiper-slide-inner\"><img decoding=\"async\" class=\"swiper-slide-image\" src=\"https:\/\/pkal.es\/wp-content\/uploads\/2023\/08\/pkal_ayuntamiento_extra04-300x225.jpeg\" alt=\"pkal_ayuntamiento_extra04\" \/><\/figure><\/div><div class=\"swiper-slide\"><figure class=\"swiper-slide-inner\"><img decoding=\"async\" class=\"swiper-slide-image\" src=\"https:\/\/pkal.es\/wp-content\/uploads\/2023\/08\/pkal_ayuntamiento_extra03-300x225.jpeg\" alt=\"pkal_ayuntamiento_extra03\" \/><\/figure><\/div><div class=\"swiper-slide\"><figure class=\"swiper-slide-inner\"><img decoding=\"async\" class=\"swiper-slide-image\" src=\"https:\/\/pkal.es\/wp-content\/uploads\/2023\/08\/pkal_ayuntamiento_extra02-300x225.jpeg\" alt=\"pkal_ayuntamiento_extra02\" \/><\/figure><\/div><div class=\"swiper-slide\"><figure class=\"swiper-slide-inner\"><img decoding=\"async\" class=\"swiper-slide-image\" src=\"https:\/\/pkal.es\/wp-content\/uploads\/2023\/08\/pkal_ayuntamiento_extra01-300x225.jpeg\" alt=\"pkal_ayuntamiento_extra01\" \/><\/figure><\/div>\t\t\t<\/div>\n\t\t\t\t\t\t\t\t\t\t\t\t<div class=\"swiper-pagination\"><\/div>\n\t\t\t\t\t\t\t\t\t\t\t\t\t<div class=\"elementor-swiper-button elementor-swiper-button-prev\">\n\t\t\t\t\t\t<i aria-hidden=\"true\" class=\"eicon-chevron-left\"><\/i>\t\t\t\t\t\t<span class=\"elementor-screen-only\">Anterior<\/span>\n\t\t\t\t\t<\/div>\n\t\t\t\t\t<div class=\"elementor-swiper-button elementor-swiper-button-next\">\n\t\t\t\t\t\t<i aria-hidden=\"true\" class=\"eicon-chevron-right\"><\/i>\t\t\t\t\t\t<span class=\"elementor-screen-only\">Siguiente<\/span>\n\t\t\t\t\t<\/div>\n\t\t\t\t\t\t\t\t\t<\/div>\n\t\t\t\t<\/div>\n\t\t\t\t<\/div>\n\t\t\t\t<div class=\"elementor-element elementor-element-90a67f5 elementor-widget elementor-widget-porto_ultimate_heading\" data-id=\"90a67f5\" data-element_type=\"widget\" data-widget_type=\"porto_ultimate_heading.default\">\n\t\t\t\t<div class=\"elementor-widget-container\">\n\t\t\t<div class=\"porto-u-heading\" data-hspacer=\"no_spacer\" data-halign=\"left\" style=\"text-align:left\"><div class=\"porto-u-main-heading\"><h3   >ALTEA<\/h3><\/div><div class=\"porto-u-sub-heading\" style=\"\"><p>Plaza de La Pau (965842146)<\/p><\/div><\/div>\t\t<\/div>\n\t\t\t\t<\/div>\n\t\t\t\t<div class=\"elementor-element elementor-element-db61a92 mb-4 elementor-invisible elementor-widget elementor-widget-text-editor\" data-id=\"db61a92\" data-element_type=\"widget\" data-settings=\"{&quot;_animation&quot;:&quot;fadeInUp&quot;,&quot;_animation_delay&quot;:1200}\" data-widget_type=\"text-editor.default\">\n\t\t\t\t<div class=\"elementor-widget-container\">\n\t\t\t\t\t\t\t<p>Este aparcamiento est\u00e1 abierto 24 horas pero la presencia f\u00edsica se reduce a: De lunes a Viernes de 10 a 15 horas.<\/p><p>El precio por d\u00eda es de 16.-\u20ac Es recomendable, si piensa estar varios d\u00edas preguntar por el precio del abono, (El abono de varios d\u00edas resulta m\u00e1s econ\u00f3mico)<\/p>\t\t\t\t\t\t<\/div>\n\t\t\t\t<\/div>\n\t\t\t\t<div class=\"elementor-element elementor-element-6d4440c elementor-arrows-position-inside elementor-pagination-position-outside elementor-widget elementor-widget-image-carousel\" data-id=\"6d4440c\" data-element_type=\"widget\" data-settings=\"{&quot;navigation&quot;:&quot;both&quot;,&quot;autoplay&quot;:&quot;yes&quot;,&quot;pause_on_hover&quot;:&quot;yes&quot;,&quot;pause_on_interaction&quot;:&quot;yes&quot;,&quot;autoplay_speed&quot;:5000,&quot;infinite&quot;:&quot;yes&quot;,&quot;speed&quot;:500}\" data-widget_type=\"image-carousel.default\">\n\t\t\t\t<div class=\"elementor-widget-container\">\n\t\t\t\t\t<div class=\"elementor-image-carousel-wrapper swiper-container\" dir=\"ltr\">\n\t\t\t<div class=\"elementor-image-carousel swiper-wrapper\">\n\t\t\t\t\t\t\t\t<div class=\"swiper-slide\"><figure class=\"swiper-slide-inner\"><img decoding=\"async\" class=\"swiper-slide-image\" src=\"https:\/\/pkal.es\/wp-content\/uploads\/2021\/11\/parking_la_pau_1-300x225.jpeg\" alt=\"parking_la_pau_1\" \/><\/figure><\/div><div class=\"swiper-slide\"><figure class=\"swiper-slide-inner\"><img decoding=\"async\" class=\"swiper-slide-image\" src=\"https:\/\/pkal.es\/wp-content\/uploads\/2021\/11\/parking_la_pau_2-300x225.jpeg\" alt=\"parking_la_pau_2\" \/><\/figure><\/div>\t\t\t<\/div>\n\t\t\t\t\t\t\t\t\t\t\t\t<div class=\"swiper-pagination\"><\/div>\n\t\t\t\t\t\t\t\t\t\t\t\t\t<div class=\"elementor-swiper-button elementor-swiper-button-prev\">\n\t\t\t\t\t\t<i aria-hidden=\"true\" class=\"eicon-chevron-left\"><\/i>\t\t\t\t\t\t<span class=\"elementor-screen-only\">Anterior<\/span>\n\t\t\t\t\t<\/div>\n\t\t\t\t\t<div class=\"elementor-swiper-button elementor-swiper-button-next\">\n\t\t\t\t\t\t<i aria-hidden=\"true\" class=\"eicon-chevron-right\"><\/i>\t\t\t\t\t\t<span class=\"elementor-screen-only\">Siguiente<\/span>\n\t\t\t\t\t<\/div>\n\t\t\t\t\t\t\t\t\t<\/div>\n\t\t\t\t<\/div>\n\t\t\t\t<\/div>\n\t\t\t\t<div class=\"elementor-element elementor-element-5edc62e elementor-widget elementor-widget-porto_ultimate_heading\" data-id=\"5edc62e\" data-element_type=\"widget\" data-widget_type=\"porto_ultimate_heading.default\">\n\t\t\t\t<div class=\"elementor-widget-container\">\n\t\t\t<div class=\"porto-u-heading\" data-hspacer=\"no_spacer\" data-halign=\"left\" style=\"text-align:left\"><div class=\"porto-u-main-heading\"><h3   >BENIDORM<\/h3><\/div><div class=\"porto-u-sub-heading\" style=\"\"><p>Avenida del Derramador, 8 (678600343\/ 699521543)<\/p><\/div><\/div>\t\t<\/div>\n\t\t\t\t<\/div>\n\t\t\t\t<div class=\"elementor-element elementor-element-a694203 mb-4 elementor-invisible elementor-widget elementor-widget-text-editor\" data-id=\"a694203\" data-element_type=\"widget\" data-settings=\"{&quot;_animation&quot;:&quot;fadeInUp&quot;,&quot;_animation_delay&quot;:1200}\" data-widget_type=\"text-editor.default\">\n\t\t\t\t<div class=\"elementor-widget-container\">\n\t\t\t\t\t\t\t<p>Este aparcamiento est\u00e1 en la Avenida del Derramador, 8 (Rinc\u00f3n de loix, cerca de los Hoteles Riviera, Presidente, Rosamar, Pel\u00edcanos\u2026) este aparcamiento est\u00e1 abierto al p\u00fablico los meses de Julio y Agosto, Aunque durante todo el a\u00f1o se pueden realizar abonos, llamando previamente.<\/p><p>El precio por d\u00eda es de 16.-\u20ac Es recomendable, si piensa estar varios d\u00edas preguntar por el precio del abono, (El abono de varios d\u00edas resulta m\u00e1s econ\u00f3mico)<\/p><p>Para petici\u00f3n de reservas enviar Whatsapp a cualquiera de los tel\u00e9fonos 678600343, 699521543 o 670703309.<\/p><p>Tambi\u00e9n atendemos llamadas de lunes a viernes de 08:00h a 13:30h y de 17:00h a 20:00h. Fuera de este horario no se atienden las llamadas.<\/p><p>DESDE EL D\u00cdA 28 DE AGOSTO EL HORARIO ES EL SIGUIENTE: <br \/>ABIERTO DE 10 DE LA MA\u00d1ANA A 18 HORAS Y DOMINGO DE 10 HORAS A 16 HORAS. <br \/>SE CERRAR\u00c1 AL P\u00daBLICO A MEDIADOS DE SEPTIEMBRE Y SE PODR\u00c1 UTILIZAR EL PARKING ACCEDIENDO CON RESERVA.<\/p>\t\t\t\t\t\t<\/div>\n\t\t\t\t<\/div>\n\t\t\t\t<div class=\"elementor-element elementor-element-ae54678 elementor-arrows-position-inside elementor-pagination-position-outside elementor-widget elementor-widget-image-carousel\" data-id=\"ae54678\" data-element_type=\"widget\" data-settings=\"{&quot;navigation&quot;:&quot;both&quot;,&quot;autoplay&quot;:&quot;yes&quot;,&quot;pause_on_hover&quot;:&quot;yes&quot;,&quot;pause_on_interaction&quot;:&quot;yes&quot;,&quot;autoplay_speed&quot;:5000,&quot;infinite&quot;:&quot;yes&quot;,&quot;speed&quot;:500}\" data-widget_type=\"image-carousel.default\">\n\t\t\t\t<div class=\"elementor-widget-container\">\n\t\t\t\t\t<div class=\"elementor-image-carousel-wrapper swiper-container\" dir=\"ltr\">\n\t\t\t<div class=\"elementor-image-carousel swiper-wrapper\">\n\t\t\t\t\t\t\t\t<div class=\"swiper-slide\"><figure class=\"swiper-slide-inner\"><img decoding=\"async\" class=\"swiper-slide-image\" src=\"https:\/\/pkal.es\/wp-content\/uploads\/2021\/11\/parking_derramador_benidorm_1-300x225.jpeg\" alt=\"parking_derramador_benidorm_1\" \/><\/figure><\/div><div class=\"swiper-slide\"><figure class=\"swiper-slide-inner\"><img decoding=\"async\" class=\"swiper-slide-image\" src=\"https:\/\/pkal.es\/wp-content\/uploads\/2021\/11\/parking_derramador_benidorm_3-300x225.jpeg\" alt=\"parking_derramador_benidorm_3\" \/><\/figure><\/div><div class=\"swiper-slide\"><figure class=\"swiper-slide-inner\"><img decoding=\"async\" class=\"swiper-slide-image\" src=\"https:\/\/pkal.es\/wp-content\/uploads\/2023\/08\/parking_beni_extra01-300x225.jpeg\" alt=\"parking_beni_extra01\" \/><\/figure><\/div>\t\t\t<\/div>\n\t\t\t\t\t\t\t\t\t\t\t\t<div class=\"swiper-pagination\"><\/div>\n\t\t\t\t\t\t\t\t\t\t\t\t\t<div class=\"elementor-swiper-button elementor-swiper-button-prev\">\n\t\t\t\t\t\t<i aria-hidden=\"true\" class=\"eicon-chevron-left\"><\/i>\t\t\t\t\t\t<span class=\"elementor-screen-only\">Anterior<\/span>\n\t\t\t\t\t<\/div>\n\t\t\t\t\t<div class=\"elementor-swiper-button elementor-swiper-button-next\">\n\t\t\t\t\t\t<i aria-hidden=\"true\" class=\"eicon-chevron-right\"><\/i>\t\t\t\t\t\t<span class=\"elementor-screen-only\">Siguiente<\/span>\n\t\t\t\t\t<\/div>\n\t\t\t\t\t\t\t\t\t<\/div>\n\t\t\t\t<\/div>\n\t\t\t\t<\/div>\n\t\t\t\t\t<\/div>\r\n\t\t\t\t<\/div>\r\n\t\t\t\t\t\t<\/div>\r\n\t\t\t\t<\/section>\r\n\t\t\t\t\t\t\t<\/div>\n\t\t","protected":false},"excerpt":{"rendered":"<p>Gesti\u00f3n de Aparcamientos ALTEA Plaza del Ayuntamiento (966881425) Aparcamiento subterr\u00e1neo en la Plaza del Ayuntamiento abierto 24 horas. Presencia f\u00edsica de lunes a s\u00e1bado de 9:00h a 23:00h, domingo de 11:00h a 20:00h. El precio por d\u00eda es de 16.-\u20ac Es recomendable, si piensa estar varios d\u00edas preguntar por el precio del abono, (El abono [&hellip;]<\/p>\n","protected":false},"author":1,"featured_media":0,"parent":36,"menu_order":0,"comment_status":"closed","ping_status":"closed","template":"","meta":{"footnotes":""},"class_list":["post-1795","page","type-page","status-publish","hentry"],"yoast_head":"<!-- This site is optimized with the Yoast SEO plugin v19.5.1 - https:\/\/yoast.com\/wordpress\/plugins\/seo\/ -->\n<title>Gesti\u00f3n de aparcamientos - PKAL<\/title>\n<meta name=\"robots\" content=\"index, follow, max-snippet:-1, max-image-preview:large, max-video-preview:-1\" \/>\n<link rel=\"canonical\" href=\"https:\/\/pkal.es\/?page_id=1795\" \/>\n<meta property=\"og:locale\" content=\"es_ES\" \/>\n<meta property=\"og:type\" content=\"article\" \/>\n<meta property=\"og:title\" content=\"Gesti\u00f3n de aparcamientos - PKAL\" \/>\n<meta property=\"og:description\" content=\"Gesti\u00f3n de Aparcamientos ALTEA Plaza del Ayuntamiento (966881425) Aparcamiento subterr\u00e1neo en la Plaza del Ayuntamiento abierto 24 horas. Presencia f\u00edsica de lunes a s\u00e1bado de 9:00h a 23:00h, domingo de 11:00h a 20:00h. El precio por d\u00eda es de 16.-\u20ac Es recomendable, si piensa estar varios d\u00edas preguntar por el precio del abono, (El abono [&hellip;]\" \/>\n<meta property=\"og:url\" content=\"https:\/\/pkal.es\/?page_id=1795\" \/>\n<meta property=\"og:site_name\" content=\"PKAL\" \/>\n<meta property=\"article:publisher\" content=\"https:\/\/www.facebook.com\/Grupo-PKAL-SL-579256956085991\/\" \/>\n<meta property=\"article:modified_time\" content=\"2025-03-19T22:15:22+00:00\" \/>\n<meta property=\"og:image\" content=\"https:\/\/pkal.es\/wp-content\/uploads\/2021\/11\/parking_ayu1-300x225.jpeg\" \/>\n<meta name=\"twitter:card\" content=\"summary_large_image\" \/>\n<meta name=\"twitter:label1\" content=\"Tiempo de lectura\" \/>\n\t<meta name=\"twitter:data1\" content=\"7 minutos\" \/>\n<script type=\"application\/ld+json\" class=\"yoast-schema-graph\">{\"@context\":\"https:\/\/schema.org\",\"@graph\":[{\"@type\":\"WebPage\",\"@id\":\"https:\/\/pkal.es\/?page_id=1795\",\"url\":\"https:\/\/pkal.es\/?page_id=1795\",\"name\":\"Gesti\u00f3n de aparcamientos - PKAL\",\"isPartOf\":{\"@id\":\"https:\/\/pkal.es\/#website\"},\"datePublished\":\"2021-11-04T22:21:51+00:00\",\"dateModified\":\"2025-03-19T22:15:22+00:00\",\"breadcrumb\":{\"@id\":\"https:\/\/pkal.es\/?page_id=1795#breadcrumb\"},\"inLanguage\":\"es\",\"potentialAction\":[{\"@type\":\"ReadAction\",\"target\":[\"https:\/\/pkal.es\/?page_id=1795\"]}]},{\"@type\":\"BreadcrumbList\",\"@id\":\"https:\/\/pkal.es\/?page_id=1795#breadcrumb\",\"itemListElement\":[{\"@type\":\"ListItem\",\"position\":1,\"name\":\"Portada\",\"item\":\"https:\/\/pkal.es\/\"},{\"@type\":\"ListItem\",\"position\":2,\"name\":\"Servicios\",\"item\":\"https:\/\/pkal.es\/?page_id=36\"},{\"@type\":\"ListItem\",\"position\":3,\"name\":\"Gesti\u00f3n de aparcamientos\"}]},{\"@type\":\"WebSite\",\"@id\":\"https:\/\/pkal.es\/#website\",\"url\":\"https:\/\/pkal.es\/\",\"name\":\"PKAL\",\"description\":\"Somos una empresa dedicada a la gesti\u00f3n de aparcamientos. Dentro de la construcci\u00f3n, estamos especializados en pavimentos industriales y deportivos, rehabilitaci\u00f3n de fachadas e impermeabilizaciones.\",\"publisher\":{\"@id\":\"https:\/\/pkal.es\/#organization\"},\"potentialAction\":[{\"@type\":\"SearchAction\",\"target\":{\"@type\":\"EntryPoint\",\"urlTemplate\":\"https:\/\/pkal.es\/?s={search_term_string}\"},\"query-input\":\"required name=search_term_string\"}],\"inLanguage\":\"es\"},{\"@type\":\"Organization\",\"@id\":\"https:\/\/pkal.es\/#organization\",\"name\":\"PKAL\",\"url\":\"https:\/\/pkal.es\/\",\"sameAs\":[\"https:\/\/www.instagram.com\/pkal.s.l\",\"https:\/\/www.facebook.com\/Grupo-PKAL-SL-579256956085991\/\"],\"logo\":{\"@type\":\"ImageObject\",\"inLanguage\":\"es\",\"@id\":\"https:\/\/pkal.es\/#\/schema\/logo\/image\/\",\"url\":\"https:\/\/pkal.es\/wp-content\/uploads\/2022\/02\/PKAL_fav_0.png\",\"contentUrl\":\"https:\/\/pkal.es\/wp-content\/uploads\/2022\/02\/PKAL_fav_0.png\",\"width\":490,\"height\":190,\"caption\":\"PKAL\"},\"image\":{\"@id\":\"https:\/\/pkal.es\/#\/schema\/logo\/image\/\"}}]}<\/script>\n<!-- \/ Yoast SEO plugin. -->","yoast_head_json":{"title":"Gesti\u00f3n de aparcamientos - PKAL","robots":{"index":"index","follow":"follow","max-snippet":"max-snippet:-1","max-image-preview":"max-image-preview:large","max-video-preview":"max-video-preview:-1"},"canonical":"https:\/\/pkal.es\/?page_id=1795","og_locale":"es_ES","og_type":"article","og_title":"Gesti\u00f3n de aparcamientos - PKAL","og_description":"Gesti\u00f3n de Aparcamientos ALTEA Plaza del Ayuntamiento (966881425) Aparcamiento subterr\u00e1neo en la Plaza del Ayuntamiento abierto 24 horas. Presencia f\u00edsica de lunes a s\u00e1bado de 9:00h a 23:00h, domingo de 11:00h a 20:00h. El precio por d\u00eda es de 16.-\u20ac Es recomendable, si piensa estar varios d\u00edas preguntar por el precio del abono, (El abono [&hellip;]","og_url":"https:\/\/pkal.es\/?page_id=1795","og_site_name":"PKAL","article_publisher":"https:\/\/www.facebook.com\/Grupo-PKAL-SL-579256956085991\/","article_modified_time":"2025-03-19T22:15:22+00:00","og_image":[{"url":"https:\/\/pkal.es\/wp-content\/uploads\/2021\/11\/parking_ayu1-300x225.jpeg"}],"twitter_card":"summary_large_image","twitter_misc":{"Tiempo de lectura":"7 minutos"},"schema":{"@context":"https:\/\/schema.org","@graph":[{"@type":"WebPage","@id":"https:\/\/pkal.es\/?page_id=1795","url":"https:\/\/pkal.es\/?page_id=1795","name":"Gesti\u00f3n de aparcamientos - PKAL","isPartOf":{"@id":"https:\/\/pkal.es\/#website"},"datePublished":"2021-11-04T22:21:51+00:00","dateModified":"2025-03-19T22:15:22+00:00","breadcrumb":{"@id":"https:\/\/pkal.es\/?page_id=1795#breadcrumb"},"inLanguage":"es","potentialAction":[{"@type":"ReadAction","target":["https:\/\/pkal.es\/?page_id=1795"]}]},{"@type":"BreadcrumbList","@id":"https:\/\/pkal.es\/?page_id=1795#breadcrumb","itemListElement":[{"@type":"ListItem","position":1,"name":"Portada","item":"https:\/\/pkal.es\/"},{"@type":"ListItem","position":2,"name":"Servicios","item":"https:\/\/pkal.es\/?page_id=36"},{"@type":"ListItem","position":3,"name":"Gesti\u00f3n de aparcamientos"}]},{"@type":"WebSite","@id":"https:\/\/pkal.es\/#website","url":"https:\/\/pkal.es\/","name":"PKAL","description":"Somos una empresa dedicada a la gesti\u00f3n de aparcamientos. Dentro de la construcci\u00f3n, estamos especializados en pavimentos industriales y deportivos, rehabilitaci\u00f3n de fachadas e impermeabilizaciones.","publisher":{"@id":"https:\/\/pkal.es\/#organization"},"potentialAction":[{"@type":"SearchAction","target":{"@type":"EntryPoint","urlTemplate":"https:\/\/pkal.es\/?s={search_term_string}"},"query-input":"required name=search_term_string"}],"inLanguage":"es"},{"@type":"Organization","@id":"https:\/\/pkal.es\/#organization","name":"PKAL","url":"https:\/\/pkal.es\/","sameAs":["https:\/\/www.instagram.com\/pkal.s.l","https:\/\/www.facebook.com\/Grupo-PKAL-SL-579256956085991\/"],"logo":{"@type":"ImageObject","inLanguage":"es","@id":"https:\/\/pkal.es\/#\/schema\/logo\/image\/","url":"https:\/\/pkal.es\/wp-content\/uploads\/2022\/02\/PKAL_fav_0.png","contentUrl":"https:\/\/pkal.es\/wp-content\/uploads\/2022\/02\/PKAL_fav_0.png","width":490,"height":190,"caption":"PKAL"},"image":{"@id":"https:\/\/pkal.es\/#\/schema\/logo\/image\/"}}]}},"_links":{"self":[{"href":"https:\/\/pkal.es\/index.php?rest_route=\/wp\/v2\/pages\/1795","targetHints":{"allow":["GET"]}}],"collection":[{"href":"https:\/\/pkal.es\/index.php?rest_route=\/wp\/v2\/pages"}],"about":[{"href":"https:\/\/pkal.es\/index.php?rest_route=\/wp\/v2\/types\/page"}],"author":[{"embeddable":true,"href":"https:\/\/pkal.es\/index.php?rest_route=\/wp\/v2\/users\/1"}],"replies":[{"embeddable":true,"href":"https:\/\/pkal.es\/index.php?rest_route=%2Fwp%2Fv2%2Fcomments&post=1795"}],"version-history":[{"count":49,"href":"https:\/\/pkal.es\/index.php?rest_route=\/wp\/v2\/pages\/1795\/revisions"}],"predecessor-version":[{"id":2161,"href":"https:\/\/pkal.es\/index.php?rest_route=\/wp\/v2\/pages\/1795\/revisions\/2161"}],"up":[{"embeddable":true,"href":"https:\/\/pkal.es\/index.php?rest_route=\/wp\/v2\/pages\/36"}],"wp:attachment":[{"href":"https:\/\/pkal.es\/index.php?rest_route=%2Fwp%2Fv2%2Fmedia&parent=1795"}],"curies":[{"name":"wp","href":"https:\/\/api.w.org\/{rel}","templated":true}]}}